{"id":52,"date":"2026-03-02T17:53:44","date_gmt":"2026-03-02T17:53:44","guid":{"rendered":"https:\/\/ferrediscos.com\/wp2\/?page_id=52"},"modified":"2026-03-06T18:49:01","modified_gmt":"2026-03-06T18:49:01","slug":"productos","status":"publish","type":"page","link":"https:\/\/ferrediscos.com\/wp2\/productos\/","title":{"rendered":"Productos"},"content":{"rendered":"<style>.kb-row-layout-id52_0d5042-e1 > .kt-row-column-wrap{align-content:start;}:where(.kb-row-layout-id52_0d5042-e1 > .kt-row-column-wrap) > .wp-block-kadence-column{justify-content:start;}.kb-row-layout-id52_0d5042-e1 > .kt-row-column-wrap{column-gap:var(--global-kb-gap-md, 2rem);row-gap:var(--global-kb-gap-md, 2rem);max-width:var( --global-content-width, 1290px );padding-left:var(--global-content-edge-padding);padding-right:var(--global-content-edge-padding);padding-top:var(--global-kb-spacing-xxl, 5rem);padding-bottom:var(--global-kb-spacing-lg, 3rem);grid-template-columns:minmax(0, 1fr);}.kb-row-layout-id52_0d5042-e1{background-color:#a90202;}.kb-row-layout-id52_0d5042-e1 > .kt-row-layout-overlay{opacity:0.30;}@media all and (max-width: 1024px){.kb-row-layout-id52_0d5042-e1 > .kt-row-column-wrap{grid-template-columns:minmax(0, 1fr);}}@media all and (max-width: 767px){.kb-row-layout-id52_0d5042-e1 > .kt-row-column-wrap{grid-template-columns:minmax(0, 1fr);}}<\/style><div class=\"kb-row-layout-wrap kb-row-layout-id52_0d5042-e1 alignfull kt-row-has-bg wp-block-kadence-rowlayout\"><div class=\"kt-row-column-wrap kt-has-1-columns kt-row-layout-equal kt-tab-layout-inherit kt-mobile-layout-row kt-row-valign-top kb-theme-content-width\">\n<style>.kadence-column52_4a0be0-c1 > .kt-inside-inner-col{display:flex;}.kadence-column52_4a0be0-c1 > .kt-inside-inner-col{padding-bottom:0px;}.kadence-column52_4a0be0-c1 > .kt-inside-inner-col,.kadence-column52_4a0be0-c1 > .kt-inside-inner-col:before{border-top-left-radius:0px;border-top-right-radius:0px;border-bottom-right-radius:0px;border-bottom-left-radius:0px;}.kadence-column52_4a0be0-c1 > .kt-inside-inner-col{column-gap:var(--global-kb-gap-sm, 1rem);}.kadence-column52_4a0be0-c1 > .kt-inside-inner-col{flex-direction:column;justify-content:flex-start;}.kadence-column52_4a0be0-c1 > .kt-inside-inner-col > .aligncenter{width:100%;}.kt-row-column-wrap > .kadence-column52_4a0be0-c1{align-self:flex-start;}.kt-inner-column-height-full:not(.kt-has-1-columns) > .wp-block-kadence-column.kadence-column52_4a0be0-c1{align-self:auto;}.kt-inner-column-height-full:not(.kt-has-1-columns) > .wp-block-kadence-column.kadence-column52_4a0be0-c1 > .kt-inside-inner-col{flex-direction:column;justify-content:flex-start;}.kadence-column52_4a0be0-c1 > .kt-inside-inner-col:before{opacity:0.3;}.kadence-column52_4a0be0-c1{position:relative;}.kadence-column52_4a0be0-c1, .kt-inside-inner-col > .kadence-column52_4a0be0-c1:not(.specificity){margin-bottom:0px;}@media all and (max-width: 1024px){.kt-row-column-wrap > .kadence-column52_4a0be0-c1{align-self:flex-start;}}@media all and (max-width: 1024px){.kt-inner-column-height-full:not(.kt-has-1-columns) > .wp-block-kadence-column.kadence-column52_4a0be0-c1{align-self:auto;}}@media all and (max-width: 1024px){.kt-inner-column-height-full:not(.kt-has-1-columns) > .wp-block-kadence-column.kadence-column52_4a0be0-c1 > .kt-inside-inner-col{flex-direction:column;justify-content:flex-start;}}@media all and (max-width: 1024px){.kadence-column52_4a0be0-c1 > .kt-inside-inner-col{flex-direction:column;justify-content:flex-start;}}@media all and (max-width: 767px){.kt-row-column-wrap > .kadence-column52_4a0be0-c1{align-self:flex-start;}.kt-inner-column-height-full:not(.kt-has-1-columns) > .wp-block-kadence-column.kadence-column52_4a0be0-c1{align-self:auto;}.kt-inner-column-height-full:not(.kt-has-1-columns) > .wp-block-kadence-column.kadence-column52_4a0be0-c1 > .kt-inside-inner-col{flex-direction:column;justify-content:flex-start;}.kadence-column52_4a0be0-c1 > .kt-inside-inner-col{flex-direction:column;justify-content:flex-start;}}<\/style>\n<div class=\"wp-block-kadence-column kadence-column52_4a0be0-c1 kb-section-dir-vertical inner-column-2\"><div class=\"kt-inside-inner-col\"><style>.wp-block-kadence-advancedheading.kt-adv-heading52_01ec92-df, .wp-block-kadence-advancedheading.kt-adv-heading52_01ec92-df[data-kb-block=\"kb-adv-heading52_01ec92-df\"]{padding-top:0px;padding-bottom:var(--global-kb-spacing-sm, 1.5rem);margin-top:0px;margin-bottom:0px;font-size:var(--global-kb-font-size-lg, 2rem);line-height:1;font-style:normal;}.wp-block-kadence-advancedheading.kt-adv-heading52_01ec92-df mark.kt-highlight, .wp-block-kadence-advancedheading.kt-adv-heading52_01ec92-df[data-kb-block=\"kb-adv-heading52_01ec92-df\"] mark.kt-highlight{font-style:normal;color:#f76a0c;-webkit-box-decoration-break:clone;box-decoration-break:clone;padding-top:0px;padding-right:0px;padding-bottom:0px;padding-left:0px;}.wp-block-kadence-advancedheading.kt-adv-heading52_01ec92-df img.kb-inline-image, .wp-block-kadence-advancedheading.kt-adv-heading52_01ec92-df[data-kb-block=\"kb-adv-heading52_01ec92-df\"] img.kb-inline-image{width:150px;vertical-align:baseline;}<\/style>\n<h2 class=\"kt-adv-heading52_01ec92-df wp-block-kadence-advancedheading has-theme-palette-9-color has-text-color\" data-kb-block=\"kb-adv-heading52_01ec92-df\">En FERREDISCOS ofrecemos una amplia variedad de materiales en Acero para la industria metalmec\u00e1nica, construcci\u00f3n y fabricaci\u00f3n de maquinaria.<\/h2>\n\n\n<style>.wp-block-kadence-advancedheading.kt-adv-heading52_5d75e7-22, .wp-block-kadence-advancedheading.kt-adv-heading52_5d75e7-22[data-kb-block=\"kb-adv-heading52_5d75e7-22\"]{padding-top:0px;padding-bottom:var(--global-kb-spacing-sm, 1.5rem);margin-top:0px;margin-bottom:0px;font-size:var(--global-kb-font-size-md, 1.25rem);font-style:normal;}.wp-block-kadence-advancedheading.kt-adv-heading52_5d75e7-22 mark.kt-highlight, .wp-block-kadence-advancedheading.kt-adv-heading52_5d75e7-22[data-kb-block=\"kb-adv-heading52_5d75e7-22\"] mark.kt-highlight{font-style:normal;color:#f76a0c;-webkit-box-decoration-break:clone;box-decoration-break:clone;padding-top:0px;padding-right:0px;padding-bottom:0px;padding-left:0px;}.wp-block-kadence-advancedheading.kt-adv-heading52_5d75e7-22 img.kb-inline-image, .wp-block-kadence-advancedheading.kt-adv-heading52_5d75e7-22[data-kb-block=\"kb-adv-heading52_5d75e7-22\"] img.kb-inline-image{width:150px;vertical-align:baseline;}<\/style>\n<p class=\"kt-adv-heading52_5d75e7-22 wp-block-kadence-advancedheading has-theme-palette-9-color has-text-color\" data-kb-block=\"kb-adv-heading52_5d75e7-22\"> Ofrecemos l\u00e1mina desde Calibre 14 hasta 200 mm de espesor y manejamos algunos de los espesores m\u00e1s gruesos disponibles en el mercado colombiano, lo que nos permite atender proyectos industriales de alta exigencia <\/p>\n<\/div><\/div>\n\n<\/div><\/div>\n\n<style>.kb-row-layout-id52_34db4b-76 > .kt-row-column-wrap{align-content:start;}:where(.kb-row-layout-id52_34db4b-76 > .kt-row-column-wrap) > .wp-block-kadence-column{justify-content:start;}.kb-row-layout-id52_34db4b-76 > .kt-row-column-wrap{column-gap:var(--global-kb-gap-md, 2rem);row-gap:var(--global-kb-gap-md, 2rem);padding-top:var(--global-kb-spacing-sm, 1.5rem);padding-bottom:var(--global-kb-spacing-sm, 1.5rem);grid-template-columns:minmax(0, 1fr) minmax(0, 2fr);}.kb-row-layout-id52_34db4b-76 > .kt-row-layout-overlay{opacity:0.30;}@media all and (max-width: 1024px){.kb-row-layout-id52_34db4b-76 > .kt-row-column-wrap{grid-template-columns:minmax(0, 1fr) minmax(0, 2fr);}}@media all and (max-width: 767px){.kb-row-layout-id52_34db4b-76 > .kt-row-column-wrap{grid-template-columns:minmax(0, 1fr);}}<\/style><div class=\"kb-row-layout-wrap kb-row-layout-id52_34db4b-76 alignnone wp-block-kadence-rowlayout\"><div class=\"kt-row-column-wrap kt-has-2-columns kt-row-layout-right-golden kt-tab-layout-inherit kt-mobile-layout-row kt-row-valign-top\">\n<style>.kadence-column52_6d30f5-ba > .kt-inside-inner-col,.kadence-column52_6d30f5-ba > .kt-inside-inner-col:before{border-top-left-radius:0px;border-top-right-radius:0px;border-bottom-right-radius:0px;border-bottom-left-radius:0px;}.kadence-column52_6d30f5-ba > .kt-inside-inner-col{column-gap:var(--global-kb-gap-sm, 1rem);}.kadence-column52_6d30f5-ba > .kt-inside-inner-col{flex-direction:column;}.kadence-column52_6d30f5-ba > .kt-inside-inner-col > .aligncenter{width:100%;}.kadence-column52_6d30f5-ba > .kt-inside-inner-col:before{opacity:0.3;}.kadence-column52_6d30f5-ba{position:relative;}@media all and (max-width: 1024px){.kadence-column52_6d30f5-ba > .kt-inside-inner-col{flex-direction:column;justify-content:center;}}@media all and (max-width: 767px){.kadence-column52_6d30f5-ba > .kt-inside-inner-col{flex-direction:column;justify-content:center;}}<\/style>\n<div class=\"wp-block-kadence-column kadence-column52_6d30f5-ba\"><div class=\"kt-inside-inner-col\"><style>.kb-image52_4016a9-a0.kb-image-is-ratio-size, .kb-image52_4016a9-a0 .kb-image-is-ratio-size{max-width:1955px;width:100%;}.wp-block-kadence-column > .kt-inside-inner-col > .kb-image52_4016a9-a0.kb-image-is-ratio-size, .wp-block-kadence-column > .kt-inside-inner-col > .kb-image52_4016a9-a0 .kb-image-is-ratio-size{align-self:unset;}.kb-image52_4016a9-a0{max-width:1955px;}.image-is-svg.kb-image52_4016a9-a0{-webkit-flex:0 1 100%;flex:0 1 100%;}.image-is-svg.kb-image52_4016a9-a0 img{width:100%;}.kb-image52_4016a9-a0 .kb-image-has-overlay:after{opacity:0.3;}<\/style>\n<figure class=\"wp-block-kadence-image kb-image52_4016a9-a0 size-full\"><img loading=\"lazy\" decoding=\"async\" width=\"1080\" height=\"1350\" src=\"https:\/\/ferrediscos.com\/wp2\/wp-content\/uploads\/2026\/03\/laminas-plasmacnc.jpg\" alt=\"\" class=\"kb-img wp-image-112\"\/><\/figure>\n<\/div><\/div>\n\n\n<style>.kadence-column52_b0bf8f-5f > .kt-inside-inner-col,.kadence-column52_b0bf8f-5f > .kt-inside-inner-col:before{border-top-left-radius:0px;border-top-right-radius:0px;border-bottom-right-radius:0px;border-bottom-left-radius:0px;}.kadence-column52_b0bf8f-5f > .kt-inside-inner-col{column-gap:var(--global-kb-gap-sm, 1rem);}.kadence-column52_b0bf8f-5f > .kt-inside-inner-col{flex-direction:column;}.kadence-column52_b0bf8f-5f > .kt-inside-inner-col > .aligncenter{width:100%;}.kadence-column52_b0bf8f-5f > .kt-inside-inner-col:before{opacity:0.3;}.kadence-column52_b0bf8f-5f{position:relative;}@media all and (max-width: 1024px){.kadence-column52_b0bf8f-5f > .kt-inside-inner-col{flex-direction:column;justify-content:center;}}@media all and (max-width: 767px){.kadence-column52_b0bf8f-5f > .kt-inside-inner-col{flex-direction:column;justify-content:center;}}<\/style>\n<div class=\"wp-block-kadence-column kadence-column52_b0bf8f-5f\"><div class=\"kt-inside-inner-col\"><style>.wp-block-kadence-advancedheading.kt-adv-heading52_a1dba3-4d, .wp-block-kadence-advancedheading.kt-adv-heading52_a1dba3-4d[data-kb-block=\"kb-adv-heading52_a1dba3-4d\"]{font-size:var(--global-kb-font-size-md, 1.25rem);font-style:normal;}.wp-block-kadence-advancedheading.kt-adv-heading52_a1dba3-4d mark.kt-highlight, .wp-block-kadence-advancedheading.kt-adv-heading52_a1dba3-4d[data-kb-block=\"kb-adv-heading52_a1dba3-4d\"] mark.kt-highlight{font-style:normal;color:#f76a0c;-webkit-box-decoration-break:clone;box-decoration-break:clone;padding-top:0px;padding-right:0px;padding-bottom:0px;padding-left:0px;}.wp-block-kadence-advancedheading.kt-adv-heading52_a1dba3-4d img.kb-inline-image, .wp-block-kadence-advancedheading.kt-adv-heading52_a1dba3-4d[data-kb-block=\"kb-adv-heading52_a1dba3-4d\"] img.kb-inline-image{width:150px;vertical-align:baseline;}<\/style>\n<h2 class=\"kt-adv-heading52_a1dba3-4d wp-block-kadence-advancedheading has-theme-palette-9-color has-text-color has-theme-palette-3-background-color has-background\" data-kb-block=\"kb-adv-heading52_a1dba3-4d\">L\u00c1MINAS DE ACERO<\/h2>\n\n\n<style>.wp-block-kadence-advancedheading.kt-adv-heading52_5dd5d3-ec, .wp-block-kadence-advancedheading.kt-adv-heading52_5dd5d3-ec[data-kb-block=\"kb-adv-heading52_5dd5d3-ec\"]{font-size:var(--global-kb-font-size-md, 1.25rem);font-style:normal;}.wp-block-kadence-advancedheading.kt-adv-heading52_5dd5d3-ec mark.kt-highlight, .wp-block-kadence-advancedheading.kt-adv-heading52_5dd5d3-ec[data-kb-block=\"kb-adv-heading52_5dd5d3-ec\"] mark.kt-highlight{font-style:normal;color:#f76a0c;-webkit-box-decoration-break:clone;box-decoration-break:clone;padding-top:0px;padding-right:0px;padding-bottom:0px;padding-left:0px;}.wp-block-kadence-advancedheading.kt-adv-heading52_5dd5d3-ec img.kb-inline-image, .wp-block-kadence-advancedheading.kt-adv-heading52_5dd5d3-ec[data-kb-block=\"kb-adv-heading52_5dd5d3-ec\"] img.kb-inline-image{width:150px;vertical-align:baseline;}<\/style>\n<p class=\"kt-adv-heading52_5dd5d3-ec wp-block-kadence-advancedheading\" data-kb-block=\"kb-adv-heading52_5dd5d3-ec\"><strong>ASTM A36<\/strong><br>Metalmec\u00e1nica, fabricaci\u00f3n de estructuras y piezas industriales<br><strong>ACERO INOXIDABLE TIPO 304<\/strong><br>Resistente a la corrosi\u00f3n,  para aplicaciones alimentarias y arquitect\u00f3nicas<br><strong>ANTIDESGASTE 450<\/strong><br>Soporta alta abrasi\u00f3n, utilizado en maquinaria sometida a desgaste<br><strong>A516 GRADO 70<\/strong><br>Fabricaci\u00f3n de recipientes a presi\u00f3n y aplicaciones especializadas<br><strong>ASTM A572 GRADO 50<\/strong><br>Alta resistencia ideal para construcci\u00f3n y proyectos de ingenier\u00eda<br><strong>ALUMINIO<\/strong><br>Liviano y resistente a la corrosi\u00f3n<br><strong>ALFAJOR<\/strong><br>Relieve antideslizante para pisos industriales y plataformas<\/p>\n<\/div><\/div>\n\n<\/div><\/div>\n\n<style>.kb-row-layout-id52_a6cf1d-1c > .kt-row-column-wrap{align-content:start;}:where(.kb-row-layout-id52_a6cf1d-1c > .kt-row-column-wrap) > .wp-block-kadence-column{justify-content:start;}.kb-row-layout-id52_a6cf1d-1c > .kt-row-column-wrap{column-gap:var(--global-kb-gap-md, 2rem);row-gap:var(--global-kb-gap-md, 2rem);padding-top:var(--global-kb-spacing-sm, 1.5rem);padding-bottom:var(--global-kb-spacing-sm, 1.5rem);grid-template-columns:repeat(2, minmax(0, 1fr));}.kb-row-layout-id52_a6cf1d-1c > .kt-row-layout-overlay{opacity:0.30;}@media all and (max-width: 1024px){.kb-row-layout-id52_a6cf1d-1c > .kt-row-column-wrap{grid-template-columns:repeat(2, minmax(0, 1fr));}}@media all and (max-width: 767px){.kb-row-layout-id52_a6cf1d-1c > .kt-row-column-wrap{grid-template-columns:minmax(0, 1fr);}}<\/style><div class=\"kb-row-layout-wrap kb-row-layout-id52_a6cf1d-1c alignnone wp-block-kadence-rowlayout\"><div class=\"kt-row-column-wrap kt-has-2-columns kt-row-layout-equal kt-tab-layout-inherit kt-mobile-layout-row kt-row-valign-top\">\n<style>.kadence-column52_586cbf-4e > .kt-inside-inner-col,.kadence-column52_586cbf-4e > .kt-inside-inner-col:before{border-top-left-radius:0px;border-top-right-radius:0px;border-bottom-right-radius:0px;border-bottom-left-radius:0px;}.kadence-column52_586cbf-4e > .kt-inside-inner-col{column-gap:var(--global-kb-gap-sm, 1rem);}.kadence-column52_586cbf-4e > .kt-inside-inner-col{flex-direction:column;}.kadence-column52_586cbf-4e > .kt-inside-inner-col > .aligncenter{width:100%;}.kadence-column52_586cbf-4e > .kt-inside-inner-col:before{opacity:0.3;}.kadence-column52_586cbf-4e{position:relative;}@media all and (max-width: 1024px){.kadence-column52_586cbf-4e > .kt-inside-inner-col{flex-direction:column;justify-content:center;}}@media all and (max-width: 767px){.kadence-column52_586cbf-4e > .kt-inside-inner-col{flex-direction:column;justify-content:center;}}<\/style>\n<div class=\"wp-block-kadence-column kadence-column52_586cbf-4e\"><div class=\"kt-inside-inner-col\"><style>.wp-block-kadence-advancedheading.kt-adv-heading52_3ac4f5-45, .wp-block-kadence-advancedheading.kt-adv-heading52_3ac4f5-45[data-kb-block=\"kb-adv-heading52_3ac4f5-45\"]{font-size:var(--global-kb-font-size-md, 1.25rem);font-style:normal;}.wp-block-kadence-advancedheading.kt-adv-heading52_3ac4f5-45 mark.kt-highlight, .wp-block-kadence-advancedheading.kt-adv-heading52_3ac4f5-45[data-kb-block=\"kb-adv-heading52_3ac4f5-45\"] mark.kt-highlight{font-style:normal;color:#f76a0c;-webkit-box-decoration-break:clone;box-decoration-break:clone;padding-top:0px;padding-right:0px;padding-bottom:0px;padding-left:0px;}.wp-block-kadence-advancedheading.kt-adv-heading52_3ac4f5-45 img.kb-inline-image, .wp-block-kadence-advancedheading.kt-adv-heading52_3ac4f5-45[data-kb-block=\"kb-adv-heading52_3ac4f5-45\"] img.kb-inline-image{width:150px;vertical-align:baseline;}<\/style>\n<h2 class=\"kt-adv-heading52_3ac4f5-45 wp-block-kadence-advancedheading has-theme-palette-9-color has-text-color has-theme-palette-3-background-color has-background\" data-kb-block=\"kb-adv-heading52_3ac4f5-45\">PERFILES ESTRUCTURALES<\/h2>\n\n\n<style>.wp-block-kadence-advancedheading.kt-adv-heading52_69bcc8-09, .wp-block-kadence-advancedheading.kt-adv-heading52_69bcc8-09[data-kb-block=\"kb-adv-heading52_69bcc8-09\"]{font-style:normal;}.wp-block-kadence-advancedheading.kt-adv-heading52_69bcc8-09 mark.kt-highlight, .wp-block-kadence-advancedheading.kt-adv-heading52_69bcc8-09[data-kb-block=\"kb-adv-heading52_69bcc8-09\"] mark.kt-highlight{font-style:normal;color:#f76a0c;-webkit-box-decoration-break:clone;box-decoration-break:clone;padding-top:0px;padding-right:0px;padding-bottom:0px;padding-left:0px;}.wp-block-kadence-advancedheading.kt-adv-heading52_69bcc8-09 img.kb-inline-image, .wp-block-kadence-advancedheading.kt-adv-heading52_69bcc8-09[data-kb-block=\"kb-adv-heading52_69bcc8-09\"] img.kb-inline-image{width:150px;vertical-align:baseline;}<\/style>\n<p class=\"kt-adv-heading52_69bcc8-09 wp-block-kadence-advancedheading\" data-kb-block=\"kb-adv-heading52_69bcc8-09\">Vigas<br>Canales<br>Angulos<\/p>\n\n\n<style>.kb-image52_da49ab-b1.kb-image-is-ratio-size, .kb-image52_da49ab-b1 .kb-image-is-ratio-size{max-width:400px;width:100%;}.wp-block-kadence-column > .kt-inside-inner-col > .kb-image52_da49ab-b1.kb-image-is-ratio-size, .wp-block-kadence-column > .kt-inside-inner-col > .kb-image52_da49ab-b1 .kb-image-is-ratio-size{align-self:unset;}.kb-image52_da49ab-b1 figure{max-width:400px;}.kb-image52_da49ab-b1 .image-is-svg, .kb-image52_da49ab-b1 .image-is-svg img{width:100%;}.kb-image52_da49ab-b1 .kb-image-has-overlay:after{opacity:0.3;}<\/style>\n<div class=\"wp-block-kadence-image kb-image52_da49ab-b1\"><figure class=\"alignleft size-full\"><img loading=\"lazy\" decoding=\"async\" width=\"1080\" height=\"1350\" src=\"https:\/\/ferrediscos.com\/wp2\/wp-content\/uploads\/2026\/03\/Diseno-sin-titulo-1.jpg\" alt=\"\" class=\"kb-img wp-image-115\"\/><\/figure><\/div>\n<\/div><\/div>\n\n\n<style>.kadence-column52_de2e5d-6a > .kt-inside-inner-col,.kadence-column52_de2e5d-6a > .kt-inside-inner-col:before{border-top-left-radius:0px;border-top-right-radius:0px;border-bottom-right-radius:0px;border-bottom-left-radius:0px;}.kadence-column52_de2e5d-6a > .kt-inside-inner-col{column-gap:var(--global-kb-gap-sm, 1rem);}.kadence-column52_de2e5d-6a > .kt-inside-inner-col{flex-direction:column;}.kadence-column52_de2e5d-6a > .kt-inside-inner-col > .aligncenter{width:100%;}.kadence-column52_de2e5d-6a > .kt-inside-inner-col:before{opacity:0.3;}.kadence-column52_de2e5d-6a{position:relative;}@media all and (max-width: 1024px){.kadence-column52_de2e5d-6a > .kt-inside-inner-col{flex-direction:column;justify-content:center;}}@media all and (max-width: 767px){.kadence-column52_de2e5d-6a > .kt-inside-inner-col{flex-direction:column;justify-content:center;}}<\/style>\n<div class=\"wp-block-kadence-column kadence-column52_de2e5d-6a\"><div class=\"kt-inside-inner-col\"><style>.wp-block-kadence-advancedheading.kt-adv-heading52_bea4f5-04, .wp-block-kadence-advancedheading.kt-adv-heading52_bea4f5-04[data-kb-block=\"kb-adv-heading52_bea4f5-04\"]{font-size:var(--global-kb-font-size-md, 1.25rem);font-style:normal;}.wp-block-kadence-advancedheading.kt-adv-heading52_bea4f5-04 mark.kt-highlight, .wp-block-kadence-advancedheading.kt-adv-heading52_bea4f5-04[data-kb-block=\"kb-adv-heading52_bea4f5-04\"] mark.kt-highlight{font-style:normal;color:#f76a0c;-webkit-box-decoration-break:clone;box-decoration-break:clone;padding-top:0px;padding-right:0px;padding-bottom:0px;padding-left:0px;}.wp-block-kadence-advancedheading.kt-adv-heading52_bea4f5-04 img.kb-inline-image, .wp-block-kadence-advancedheading.kt-adv-heading52_bea4f5-04[data-kb-block=\"kb-adv-heading52_bea4f5-04\"] img.kb-inline-image{width:150px;vertical-align:baseline;}<\/style>\n<h2 class=\"kt-adv-heading52_bea4f5-04 wp-block-kadence-advancedheading has-theme-palette-9-color has-text-color has-theme-palette-3-background-color has-background\" data-kb-block=\"kb-adv-heading52_bea4f5-04\">FERRETER\u00cdA EN GENERAL<\/h2>\n\n\n<style>.wp-block-kadence-advancedheading.kt-adv-heading52_93097a-18, .wp-block-kadence-advancedheading.kt-adv-heading52_93097a-18[data-kb-block=\"kb-adv-heading52_93097a-18\"]{font-style:normal;}.wp-block-kadence-advancedheading.kt-adv-heading52_93097a-18 mark.kt-highlight, .wp-block-kadence-advancedheading.kt-adv-heading52_93097a-18[data-kb-block=\"kb-adv-heading52_93097a-18\"] mark.kt-highlight{font-style:normal;color:#f76a0c;-webkit-box-decoration-break:clone;box-decoration-break:clone;padding-top:0px;padding-right:0px;padding-bottom:0px;padding-left:0px;}.wp-block-kadence-advancedheading.kt-adv-heading52_93097a-18 img.kb-inline-image, .wp-block-kadence-advancedheading.kt-adv-heading52_93097a-18[data-kb-block=\"kb-adv-heading52_93097a-18\"] img.kb-inline-image{width:150px;vertical-align:baseline;}<\/style>\n<p class=\"kt-adv-heading52_93097a-18 wp-block-kadence-advancedheading\" data-kb-block=\"kb-adv-heading52_93097a-18\">Ofrecemos materiales complementarios para el Sector Industrial y brindamos asesor\u00eda t\u00e9cnica en la fabricaci\u00f3n de estructuras met\u00e1licas seg\u00fan las necesidades de cada proyecto.<\/p>\n\n\n<style>.kb-image52_5c0bdc-df.kb-image-is-ratio-size, .kb-image52_5c0bdc-df .kb-image-is-ratio-size{max-width:400px;width:100%;}.wp-block-kadence-column > .kt-inside-inner-col > .kb-image52_5c0bdc-df.kb-image-is-ratio-size, .wp-block-kadence-column > .kt-inside-inner-col > .kb-image52_5c0bdc-df .kb-image-is-ratio-size{align-self:unset;}.kb-image52_5c0bdc-df figure{max-width:400px;}.kb-image52_5c0bdc-df .image-is-svg, .kb-image52_5c0bdc-df .image-is-svg img{width:100%;}.kb-image52_5c0bdc-df .kb-image-has-overlay:after{opacity:0.3;}<\/style>\n<div class=\"wp-block-kadence-image kb-image52_5c0bdc-df\"><figure class=\"alignleft size-full\"><img loading=\"lazy\" decoding=\"async\" width=\"1080\" height=\"1350\" src=\"https:\/\/ferrediscos.com\/wp2\/wp-content\/uploads\/2026\/03\/Diseno-sin-titulo-2.jpg\" alt=\"\" class=\"kb-img wp-image-114\"\/><\/figure><\/div>\n<\/div><\/div>\n\n<\/div><\/div>\n\n\n<p><\/p>\n","protected":false},"excerpt":{"rendered":"<p>En FERREDISCOS ofrecemos una amplia variedad de materiales en Acero para la industria metalmec\u00e1nica, construcci\u00f3n y fabricaci\u00f3n de maquinaria. Ofrecemos l\u00e1mina desde Calibre 14 hasta 200 mm de espesor y manejamos algunos de los espesores m\u00e1s gruesos disponibles en el mercado colombiano, lo que nos permite atender proyectos industriales de alta exigencia L\u00c1MINAS DE ACERO&#8230;<\/p>\n","protected":false},"author":1,"featured_media":0,"parent":0,"menu_order":0,"comment_status":"closed","ping_status":"closed","template":"","meta":{"_kadence_starter_templates_imported_post":false,"_kad_post_transparent":"","_kad_post_title":"hide","_kad_post_layout":"","_kad_post_sidebar_id":"","_kad_post_content_style":"","_kad_post_vertical_padding":"","_kad_post_feature":"","_kad_post_feature_position":"","_kad_post_header":false,"_kad_post_footer":false,"_kad_post_classname":"","footnotes":""},"class_list":["post-52","page","type-page","status-publish","hentry"],"_links":{"self":[{"href":"https:\/\/ferrediscos.com\/wp2\/wp-json\/wp\/v2\/pages\/52","targetHints":{"allow":["GET"]}}],"collection":[{"href":"https:\/\/ferrediscos.com\/wp2\/wp-json\/wp\/v2\/pages"}],"about":[{"href":"https:\/\/ferrediscos.com\/wp2\/wp-json\/wp\/v2\/types\/page"}],"author":[{"embeddable":true,"href":"https:\/\/ferrediscos.com\/wp2\/wp-json\/wp\/v2\/users\/1"}],"replies":[{"embeddable":true,"href":"https:\/\/ferrediscos.com\/wp2\/wp-json\/wp\/v2\/comments?post=52"}],"version-history":[{"count":11,"href":"https:\/\/ferrediscos.com\/wp2\/wp-json\/wp\/v2\/pages\/52\/revisions"}],"predecessor-version":[{"id":150,"href":"https:\/\/ferrediscos.com\/wp2\/wp-json\/wp\/v2\/pages\/52\/revisions\/150"}],"wp:attachment":[{"href":"https:\/\/ferrediscos.com\/wp2\/wp-json\/wp\/v2\/media?parent=52"}],"curies":[{"name":"wp","href":"https:\/\/api.w.org\/{rel}","templated":true}]}}